{"id":2160,"date":"2025-11-04T02:09:11","date_gmt":"2025-11-04T02:09:11","guid":{"rendered":"https:\/\/borisgym.joosdigital.com\/varukorg-2\/"},"modified":"2025-11-04T02:09:11","modified_gmt":"2025-11-04T02:09:11","slug":"varukorg-2","status":"publish","type":"page","link":"https:\/\/borisgym.joosdigital.com\/en\/varukorg-2\/","title":{"rendered":"Varukorg"},"content":{"rendered":"\n<div data-block-name=\"woocommerce\/cart\" class=\"wp-block-woocommerce-cart alignwide is-loading\">\n<div data-block-name=\"woocommerce\/filled-cart-block\" class=\"wp-block-woocommerce-filled-cart-block\">\n<div data-block-name=\"woocommerce\/cart-items-block\" class=\"wp-block-woocommerce-cart-items-block\">\n<div data-block-name=\"woocommerce\/cart-line-items-block\" class=\"wp-block-woocommerce-cart-line-items-block\"><\/div>\n\n\n\n<div data-block-name=\"woocommerce\/cart-cross-sells-block\" class=\"wp-block-woocommerce-cart-cross-sells-block\">\n<h2 class=\"wp-block-heading has-large-font-size\">Du kanske \u00e4r intresserad av \u2026<\/h2>\n\n\n\n<div data-block-name=\"woocommerce\/cart-cross-sells-products-block\" class=\"wp-block-woocommerce-cart-cross-sells-products-block\"><\/div>\n<\/div>\n<\/div>\n\n\n\n<div data-block-name=\"woocommerce\/cart-totals-block\" class=\"wp-block-woocommerce-cart-totals-block\">\n<div data-block-name=\"woocommerce\/cart-order-summary-block\" class=\"wp-block-woocommerce-cart-order-summary-block\">\n<div data-block-name=\"woocommerce\/cart-order-summary-heading-block\" class=\"wp-block-woocommerce-cart-order-summary-heading-block\"><\/div><div data-block-name=\"woocommerce\/cart-order-summary-coupon-form-block\" class=\"wp-block-woocommerce-cart-order-summary-coupon-form-block\"><\/div><div data-block-name=\"woocommerce\/cart-order-summary-totals-block\" class=\"wp-block-woocommerce-cart-order-summary-totals-block\">\n<div data-block-name=\"woocommerce\/cart-order-summary-subtotal-block\" class=\"wp-block-woocommerce-cart-order-summary-subtotal-block\"><\/div>\n<div data-block-name=\"woocommerce\/cart-order-summary-discount-block\" class=\"wp-block-woocommerce-cart-order-summary-discount-block\"><\/div>\n<div data-block-name=\"woocommerce\/cart-order-summary-fee-block\" class=\"wp-block-woocommerce-cart-order-summary-fee-block\"><\/div>\n<div data-block-name=\"woocommerce\/cart-order-summary-shipping-block\" class=\"wp-block-woocommerce-cart-order-summary-shipping-block\"><\/div>\n<div data-block-name=\"woocommerce\/cart-order-summary-taxes-block\" class=\"wp-block-woocommerce-cart-order-summary-taxes-block\"><\/div><\/div>\n<\/div>\n\n\n\n<div data-block-name=\"woocommerce\/cart-express-payment-block\" class=\"wp-block-woocommerce-cart-express-payment-block\"><\/div>\n\n\n\n<div data-block-name=\"woocommerce\/proceed-to-checkout-block\" class=\"wp-block-woocommerce-proceed-to-checkout-block\"><\/div>\n\n\n\n<div data-block-name=\"woocommerce\/cart-accepted-payment-methods-block\" class=\"wp-block-woocommerce-cart-accepted-payment-methods-block\"><\/div>\n<\/div>\n<\/div>\n\n\n\n<div data-block-name=\"woocommerce\/empty-cart-block\" class=\"wp-block-woocommerce-empty-cart-block\">\n<h2 class=\"wp-block-heading has-text-align-center with-empty-cart-icon wc-block-cart__empty-cart__title\">Din varukorg \u00e4r f\u00f6r n\u00e4rvarande tom!<\/h2>\n\n\n\n<hr class=\"wp-block-separator has-alpha-channel-opacity is-style-dots\"\/>\n\n\n\n<h2 class=\"wp-block-heading has-text-align-center\">Nytt i butik<\/h2>\n\n\n<div data-block-name=\"woocommerce\/product-new\" data-columns=\"4\" data-rows=\"1\" class=\"wc-block-grid wp-block-product-new wp-block-woocommerce-product-new wc-block-product-new has-4-columns\"><ul class=\"wc-block-grid__products\"><li class=\"wc-block-grid__product\">\n\t\t\t\t<a href=\"https:\/\/borisgym.joosdigital.com\/en\/product\/nike-sportswear-graphic-tee-black-copy-copy\/\" class=\"wc-block-grid__product-link\">\n\t\t\t\t\t<div class=\"wc-block-grid__product-onsale\">\n\t\t\t<span aria-hidden=\"true\">Sale<\/span>\n\t\t\t<span class=\"screen-reader-text\">Product on sale<\/span>\n\t\t<\/div>\n\t\t\t\t\t<div class=\"wc-block-grid__product-image\"><img decoding=\"async\" width=\"300\" height=\"300\" src=\"https:\/\/borisgym.joosdigital.com\/wp-content\/uploads\/2025\/08\/image-300x300.png\" class=\"attachment-woocommerce_thumbnail size-woocommerce_thumbnail\" alt=\"Nike Sportswear Graphic Tee \u2013 Black (Copy) (Copy)(english)\" \/><\/div>\n\t\t\t\t\t<div class=\"wc-block-grid__product-title\">Nike Sportswear Graphic Tee \u2013 Black (Copy) (Copy)(english)<\/div>\n\t\t\t\t<\/a>\n\t\t\t\t<div class=\"wc-block-grid__product-price price\"><del aria-hidden=\"true\"><span class=\"woocommerce-Price-amount amount\">2000&nbsp;<span class=\"woocommerce-Price-currencySymbol\">&#107;&#114;<\/span><\/span><\/del> <span class=\"screen-reader-text\">Original price was: 2000&nbsp;&#107;&#114;.<\/span><ins aria-hidden=\"true\"><span class=\"woocommerce-Price-amount amount\">1000&nbsp;<span class=\"woocommerce-Price-currencySymbol\">&#107;&#114;<\/span><\/span><\/ins><span class=\"screen-reader-text\">Current price is: 1000&nbsp;&#107;&#114;.<\/span><\/div>\n\t\t\t\t\n\t\t\t\t<div class=\"wp-block-button wc-block-grid__product-add-to-cart\"><a href=\"https:\/\/borisgym.joosdigital.com\/en\/product\/nike-sportswear-graphic-tee-black-copy-copy\/\" aria-label=\"Select options for &ldquo;Nike Sportswear Graphic Tee \u2013 Black (Copy) (Copy)(english)&rdquo;\" data-quantity=\"1\" data-product_id=\"2095\" data-product_sku=\"\" data-price=\"1000\" rel=\"nofollow\" class=\"wp-block-button__link  add_to_cart_button\">Select options<\/a><\/div>\n\t\t\t<\/li><li class=\"wc-block-grid__product\">\n\t\t\t\t<a href=\"https:\/\/borisgym.joosdigital.com\/en\/product\/flexi-run-sneakers-copy-copy\/\" class=\"wc-block-grid__product-link\">\n\t\t\t\t\t<div class=\"wc-block-grid__product-onsale\">\n\t\t\t<span aria-hidden=\"true\">Sale<\/span>\n\t\t\t<span class=\"screen-reader-text\">Product on sale<\/span>\n\t\t<\/div>\n\t\t\t\t\t<div class=\"wc-block-grid__product-image\"><img decoding=\"async\" width=\"300\" height=\"300\" src=\"https:\/\/borisgym.joosdigital.com\/wp-content\/uploads\/2025\/08\/image-9-300x300.png\" class=\"attachment-woocommerce_thumbnail size-woocommerce_thumbnail\" alt=\"Flexi Run Sneakers (Copy) (Copy)\" srcset=\"https:\/\/borisgym.joosdigital.com\/wp-content\/uploads\/2025\/08\/image-9-300x300.png 300w, https:\/\/borisgym.joosdigital.com\/wp-content\/uploads\/2025\/08\/image-9-150x150.png 150w, https:\/\/borisgym.joosdigital.com\/wp-content\/uploads\/2025\/08\/image-9-100x100.png 100w, https:\/\/borisgym.joosdigital.com\/wp-content\/uploads\/2025\/08\/image-9-64x64.png 64w, https:\/\/borisgym.joosdigital.com\/wp-content\/uploads\/2025\/08\/image-9.png 391w\" sizes=\"(max-width: 300px) 100vw, 300px\" \/><\/div>\n\t\t\t\t\t<div class=\"wc-block-grid__product-title\">Flexi Run Sneakers (Copy) (Copy)<\/div>\n\t\t\t\t<\/a>\n\t\t\t\t<div class=\"wc-block-grid__product-price price\"><del aria-hidden=\"true\"><span class=\"woocommerce-Price-amount amount\">500&nbsp;<span class=\"woocommerce-Price-currencySymbol\">&#107;&#114;<\/span><\/span><\/del> <span class=\"screen-reader-text\">Original price was: 500&nbsp;&#107;&#114;.<\/span><ins aria-hidden=\"true\"><span class=\"woocommerce-Price-amount amount\">400&nbsp;<span class=\"woocommerce-Price-currencySymbol\">&#107;&#114;<\/span><\/span><\/ins><span class=\"screen-reader-text\">Current price is: 400&nbsp;&#107;&#114;.<\/span><\/div>\n\t\t\t\t\n\t\t\t\t<div class=\"wp-block-button wc-block-grid__product-add-to-cart\"><a href=\"https:\/\/borisgym.joosdigital.com\/en\/product\/flexi-run-sneakers-copy-copy\/\" aria-label=\"Select options for &ldquo;Flexi Run Sneakers (Copy) (Copy)&rdquo;\" data-quantity=\"1\" data-product_id=\"2097\" data-product_sku=\"\" data-price=\"400\" rel=\"nofollow\" class=\"wp-block-button__link  add_to_cart_button\">Select options<\/a><\/div>\n\t\t\t<\/li><li class=\"wc-block-grid__product\">\n\t\t\t\t<a href=\"https:\/\/borisgym.joosdigital.com\/en\/product\/speedster-racing-flats-copy-copy\/\" class=\"wc-block-grid__product-link\">\n\t\t\t\t\t<div class=\"wc-block-grid__product-onsale\">\n\t\t\t<span aria-hidden=\"true\">Sale<\/span>\n\t\t\t<span class=\"screen-reader-text\">Product on sale<\/span>\n\t\t<\/div>\n\t\t\t\t\t<div class=\"wc-block-grid__product-image\"><img decoding=\"async\" width=\"300\" height=\"300\" src=\"https:\/\/borisgym.joosdigital.com\/wp-content\/uploads\/2025\/08\/image-3-300x300.png\" class=\"attachment-woocommerce_thumbnail size-woocommerce_thumbnail\" alt=\"Speedster Racing Flats (Copy) (Copy)\" srcset=\"https:\/\/borisgym.joosdigital.com\/wp-content\/uploads\/2025\/08\/image-3-300x300.png 300w, https:\/\/borisgym.joosdigital.com\/wp-content\/uploads\/2025\/08\/image-3-150x150.png 150w, https:\/\/borisgym.joosdigital.com\/wp-content\/uploads\/2025\/08\/image-3-100x100.png 100w, https:\/\/borisgym.joosdigital.com\/wp-content\/uploads\/2025\/08\/image-3-64x64.png 64w, https:\/\/borisgym.joosdigital.com\/wp-content\/uploads\/2025\/08\/image-3.png 391w\" sizes=\"(max-width: 300px) 100vw, 300px\" \/><\/div>\n\t\t\t\t\t<div class=\"wc-block-grid__product-title\">Speedster Racing Flats (Copy) (Copy)<\/div>\n\t\t\t\t<\/a>\n\t\t\t\t<div class=\"wc-block-grid__product-price price\"><del aria-hidden=\"true\"><span class=\"woocommerce-Price-amount amount\">150&nbsp;<span class=\"woocommerce-Price-currencySymbol\">&#107;&#114;<\/span><\/span><\/del> <span class=\"screen-reader-text\">Original price was: 150&nbsp;&#107;&#114;.<\/span><ins aria-hidden=\"true\"><span class=\"woocommerce-Price-amount amount\">100&nbsp;<span class=\"woocommerce-Price-currencySymbol\">&#107;&#114;<\/span><\/span><\/ins><span class=\"screen-reader-text\">Current price is: 100&nbsp;&#107;&#114;.<\/span><\/div>\n\t\t\t\t\n\t\t\t\t<div class=\"wp-block-button wc-block-grid__product-add-to-cart\"><a href=\"https:\/\/borisgym.joosdigital.com\/en\/product\/speedster-racing-flats-copy-copy\/\" aria-label=\"Select options for &ldquo;Speedster Racing Flats (Copy) (Copy)&rdquo;\" data-quantity=\"1\" data-product_id=\"2099\" data-product_sku=\"\" data-price=\"100\" rel=\"nofollow\" class=\"wp-block-button__link  add_to_cart_button\">Select options<\/a><\/div>\n\t\t\t<\/li><li class=\"wc-block-grid__product\">\n\t\t\t\t<a href=\"https:\/\/borisgym.joosdigital.com\/en\/product\/dropset-3-training-shoes-copy-copy\/\" class=\"wc-block-grid__product-link\">\n\t\t\t\t\t<div class=\"wc-block-grid__product-onsale\">\n\t\t\t<span aria-hidden=\"true\">Sale<\/span>\n\t\t\t<span class=\"screen-reader-text\">Product on sale<\/span>\n\t\t<\/div>\n\t\t\t\t\t<div class=\"wc-block-grid__product-image\"><img decoding=\"async\" width=\"300\" height=\"300\" src=\"https:\/\/borisgym.joosdigital.com\/wp-content\/uploads\/2025\/08\/image-1-1-300x300.png\" class=\"attachment-woocommerce_thumbnail size-woocommerce_thumbnail\" alt=\"Dropset 3 Training Shoes (Copy) (Copy)\" srcset=\"https:\/\/borisgym.joosdigital.com\/wp-content\/uploads\/2025\/08\/image-1-1-300x300.png 300w, https:\/\/borisgym.joosdigital.com\/wp-content\/uploads\/2025\/08\/image-1-1-150x150.png 150w, https:\/\/borisgym.joosdigital.com\/wp-content\/uploads\/2025\/08\/image-1-1-100x100.png 100w, https:\/\/borisgym.joosdigital.com\/wp-content\/uploads\/2025\/08\/image-1-1-64x64.png 64w, https:\/\/borisgym.joosdigital.com\/wp-content\/uploads\/2025\/08\/image-1-1.png 390w\" sizes=\"(max-width: 300px) 100vw, 300px\" \/><\/div>\n\t\t\t\t\t<div class=\"wc-block-grid__product-title\">Dropset 3 Training Shoes (Copy) (Copy)<\/div>\n\t\t\t\t<\/a>\n\t\t\t\t<div class=\"wc-block-grid__product-price price\"><del aria-hidden=\"true\"><span class=\"woocommerce-Price-amount amount\">1500&nbsp;<span class=\"woocommerce-Price-currencySymbol\">&#107;&#114;<\/span><\/span><\/del> <span class=\"screen-reader-text\">Original price was: 1500&nbsp;&#107;&#114;.<\/span><ins aria-hidden=\"true\"><span class=\"woocommerce-Price-amount amount\">1000&nbsp;<span class=\"woocommerce-Price-currencySymbol\">&#107;&#114;<\/span><\/span><\/ins><span class=\"screen-reader-text\">Current price is: 1000&nbsp;&#107;&#114;.<\/span><\/div>\n\t\t\t\t\n\t\t\t\t<div class=\"wp-block-button wc-block-grid__product-add-to-cart\"><a href=\"https:\/\/borisgym.joosdigital.com\/en\/product\/dropset-3-training-shoes-copy-copy\/\" aria-label=\"Select options for &ldquo;Dropset 3 Training Shoes (Copy) (Copy)&rdquo;\" data-quantity=\"1\" data-product_id=\"2101\" data-product_sku=\"\" data-price=\"1000\" rel=\"nofollow\" class=\"wp-block-button__link  add_to_cart_button\">Select options<\/a><\/div>\n\t\t\t<\/li><\/ul><\/div><\/div>\n<\/div>\n","protected":false},"excerpt":{"rendered":"","protected":false},"author":1,"featured_media":0,"parent":0,"menu_order":0,"comment_status":"closed","ping_status":"closed","template":"","meta":{"_et_pb_use_builder":"","_et_pb_old_content":"","_et_gb_content_width":"","_uag_custom_page_level_css":"","footnotes":""},"class_list":["post-2160","page","type-page","status-publish","hentry"],"uagb_featured_image_src":{"full":false,"thumbnail":false,"medium":false,"medium_large":false,"large":false,"1536x1536":false,"2048x2048":false,"et-pb-post-main-image":false,"et-pb-post-main-image-fullwidth":false,"et-pb-portfolio-image":false,"et-pb-portfolio-module-image":false,"et-pb-portfolio-image-single":false,"et-pb-gallery-module-image-portrait":false,"et-pb-post-main-image-fullwidth-large":false,"et-pb-image--responsive--desktop":false,"et-pb-image--responsive--tablet":false,"et-pb-image--responsive--phone":false,"woocommerce_thumbnail":false,"woocommerce_single":false,"woocommerce_gallery_thumbnail":false,"variation_swatches_image_size":false,"variation_swatches_tooltip_size":false,"dgwt-wcas-product-suggestion":false},"uagb_author_info":{"display_name":"tuyennt","author_link":"https:\/\/borisgym.joosdigital.com\/en\/author\/tuyennt\/"},"uagb_comment_info":0,"uagb_excerpt":null,"_links":{"self":[{"href":"https:\/\/borisgym.joosdigital.com\/en\/wp-json\/wp\/v2\/pages\/2160","targetHints":{"allow":["GET"]}}],"collection":[{"href":"https:\/\/borisgym.joosdigital.com\/en\/wp-json\/wp\/v2\/pages"}],"about":[{"href":"https:\/\/borisgym.joosdigital.com\/en\/wp-json\/wp\/v2\/types\/page"}],"author":[{"embeddable":true,"href":"https:\/\/borisgym.joosdigital.com\/en\/wp-json\/wp\/v2\/users\/1"}],"replies":[{"embeddable":true,"href":"https:\/\/borisgym.joosdigital.com\/en\/wp-json\/wp\/v2\/comments?post=2160"}],"version-history":[{"count":0,"href":"https:\/\/borisgym.joosdigital.com\/en\/wp-json\/wp\/v2\/pages\/2160\/revisions"}],"wp:attachment":[{"href":"https:\/\/borisgym.joosdigital.com\/en\/wp-json\/wp\/v2\/media?parent=2160"}],"curies":[{"name":"wp","href":"https:\/\/api.w.org\/{rel}","templated":true}]}}